{"id":122,"date":"2016-07-12T07:36:32","date_gmt":"2016-07-12T07:36:32","guid":{"rendered":"https:\/\/swiss.attian.com\/fr\/foundation\/"},"modified":"2023-07-11T12:30:45","modified_gmt":"2023-07-11T10:30:45","slug":"foundation","status":"publish","type":"page","link":"https:\/\/www.le-petit-coeur.ch\/fr\/foundation\/","title":{"rendered":"Fondation"},"content":{"rendered":"<h2><span style=\"vertical-align: inherit;\"><span style=\"vertical-align: inherit;\">BIENVENUE A LA FONDATION Le Petit C\u0153ur<\/span><\/span><\/h2>\n<p>La fondation \u00ab\u00a0Le petit c\u0153ur\u00a0\u00bb a pour but principal de d\u00e9velopper la cardiologie et la chirurgie cardiaque p\u00e9diatrique dans les pays les plus pauvres du monde. Accessoirement, elle aide quelques enfants malades du c\u0153ur \u00e0 venir se faire soigner dans notre pays.<\/p>\n<p>Par son action, la Fondation aide des enfants atteints d\u2019une maladie cardiaque \u00e0 retrouver une meilleure vie, tant dans sa long\u00e9vit\u00e9 que dans sa qualit\u00e9. Sur place, elle s\u2019attelle \u00e0 former les \u00e9quipes locales \u00e0 effectuer les diagnostics et \u00e0 proc\u00e9der aux traitements appropri\u00e9s, qu\u2019ils soient chirurgicaux, par cath\u00e9t\u00e9risme ou m\u00e9dicamenteux.<\/p>\n<p>Son engagement sur place permet de d\u00e9velopper une \u00ab unit\u00e9 cardiaque \u00bb et contribue indirectement \u00e0 cr\u00e9er des places de travail stable pour les autochtones. La fondation participe aux frais de mat\u00e9riel cardiaque utilis\u00e9 par les \u00e9quipes locales pour leur travail en dehors des missions.<\/p>\n<h4><span style=\"vertical-align: inherit;\"><span style=\"vertical-align: inherit;\">Le Conseil de Fondation s&rsquo;engage<\/span><\/span><\/h4>\n<p>Le conseil de fondation contr\u00f4le le bon fonctionnement et les progr\u00e8s des projets en cours et en \u00e9tudie d\u2019autres, susceptibles d\u2019\u00eatre soutenus. Il garantit la bonne gestion de la fondation tant dans ses projets que dans l\u2019utilisation de ses fonds.<\/p>\n<p>La Fondation Le Petit C\u0153ur est contr\u00f4l\u00e9e par l\u2019organisme de r\u00e9vision BDO \u00e0 Lausanne.<\/p>\n","protected":false},"excerpt":{"rendered":"<p>BIENVENUE A LA FONDATION Le Petit C\u0153ur La fondation \u00ab\u00a0Le petit c\u0153ur\u00a0\u00bb a pour but principal de d\u00e9velopper la cardiologie et la chirurgie cardiaque p\u00e9diatrique dans les pays les plus pauvres du monde. Accessoirement, elle aide quelques enfants malades du c\u0153ur \u00e0 venir se faire soigner dans notre pays. Par son action, la Fondation aide des enfants atteints d\u2019une maladie<a class=\"read-more\" href=\"https:\/\/www.le-petit-coeur.ch\/fr\/foundation\/\">> Read More<\/a><\/p>\n","protected":false},"author":8,"featured_media":0,"parent":0,"menu_order":0,"comment_status":"closed","ping_status":"closed","template":"page-foundation.php","meta":{"_acf_changed":false,"footnotes":""},"class_list":["post-122","page","type-page","status-publish","hentry"],"acf":[],"yoast_head":"<!-- This site is optimized with the Yoast SEO plugin v26.7 - https:\/\/yoast.com\/wordpress\/plugins\/seo\/ -->\n<title>Fondation - le Petit Coeur<\/title>\n<meta name=\"robots\" content=\"index, follow, max-snippet:-1, max-image-preview:large, max-video-preview:-1\" \/>\n<link rel=\"canonical\" href=\"https:\/\/www.le-petit-coeur.ch\/fr\/foundation\/\" \/>\n<meta property=\"og:locale\" content=\"fr_FR\" \/>\n<meta property=\"og:type\" content=\"article\" \/>\n<meta property=\"og:title\" content=\"Fondation - le Petit Coeur\" \/>\n<meta property=\"og:description\" content=\"BIENVENUE A LA FONDATION Le Petit C\u0153ur La fondation \u00ab\u00a0Le petit c\u0153ur\u00a0\u00bb a pour but principal de d\u00e9velopper la cardiologie et la chirurgie cardiaque p\u00e9diatrique dans les pays les plus pauvres du monde. Accessoirement, elle aide quelques enfants malades du c\u0153ur \u00e0 venir se faire soigner dans notre pays. Par son action, la Fondation aide des enfants atteints d\u2019une maladie&gt; Read More\" \/>\n<meta property=\"og:url\" content=\"https:\/\/www.le-petit-coeur.ch\/fr\/foundation\/\" \/>\n<meta property=\"og:site_name\" content=\"le Petit Coeur\" \/>\n<meta property=\"article:modified_time\" content=\"2023-07-11T10:30:45+00:00\" \/>\n<meta name=\"twitter:card\" content=\"summary_large_image\" \/>\n<meta name=\"twitter:label1\" content=\"Dur\u00e9e de lecture estim\u00e9e\" \/>\n\t<meta name=\"twitter:data1\" content=\"2 minutes\" \/>\n<script type=\"application\/ld+json\" class=\"yoast-schema-graph\">{\"@context\":\"https:\/\/schema.org\",\"@graph\":[{\"@type\":\"WebPage\",\"@id\":\"https:\/\/www.le-petit-coeur.ch\/fr\/foundation\/\",\"url\":\"https:\/\/www.le-petit-coeur.ch\/fr\/foundation\/\",\"name\":\"Fondation - le Petit Coeur\",\"isPartOf\":{\"@id\":\"https:\/\/www.le-petit-coeur.ch\/#website\"},\"datePublished\":\"2016-07-12T07:36:32+00:00\",\"dateModified\":\"2023-07-11T10:30:45+00:00\",\"breadcrumb\":{\"@id\":\"https:\/\/www.le-petit-coeur.ch\/fr\/foundation\/#breadcrumb\"},\"inLanguage\":\"fr-FR\",\"potentialAction\":[{\"@type\":\"ReadAction\",\"target\":[\"https:\/\/www.le-petit-coeur.ch\/fr\/foundation\/\"]}]},{\"@type\":\"BreadcrumbList\",\"@id\":\"https:\/\/www.le-petit-coeur.ch\/fr\/foundation\/#breadcrumb\",\"itemListElement\":[{\"@type\":\"ListItem\",\"position\":1,\"name\":\"Startseite\",\"item\":\"https:\/\/www.le-petit-coeur.ch\/fr\/\"},{\"@type\":\"ListItem\",\"position\":2,\"name\":\"Fondation\"}]},{\"@type\":\"WebSite\",\"@id\":\"https:\/\/www.le-petit-coeur.ch\/#website\",\"url\":\"https:\/\/www.le-petit-coeur.ch\/\",\"name\":\"le Petit Coeur\",\"description\":\"\",\"potentialAction\":[{\"@type\":\"SearchAction\",\"target\":{\"@type\":\"EntryPoint\",\"urlTemplate\":\"https:\/\/www.le-petit-coeur.ch\/?s={search_term_string}\"},\"query-input\":{\"@type\":\"PropertyValueSpecification\",\"valueRequired\":true,\"valueName\":\"search_term_string\"}}],\"inLanguage\":\"fr-FR\"}]}<\/script>\n<!-- \/ Yoast SEO plugin. -->","yoast_head_json":{"title":"Fondation - le Petit Coeur","robots":{"index":"index","follow":"follow","max-snippet":"max-snippet:-1","max-image-preview":"max-image-preview:large","max-video-preview":"max-video-preview:-1"},"canonical":"https:\/\/www.le-petit-coeur.ch\/fr\/foundation\/","og_locale":"fr_FR","og_type":"article","og_title":"Fondation - le Petit Coeur","og_description":"BIENVENUE A LA FONDATION Le Petit C\u0153ur La fondation \u00ab\u00a0Le petit c\u0153ur\u00a0\u00bb a pour but principal de d\u00e9velopper la cardiologie et la chirurgie cardiaque p\u00e9diatrique dans les pays les plus pauvres du monde. Accessoirement, elle aide quelques enfants malades du c\u0153ur \u00e0 venir se faire soigner dans notre pays. Par son action, la Fondation aide des enfants atteints d\u2019une maladie> Read More","og_url":"https:\/\/www.le-petit-coeur.ch\/fr\/foundation\/","og_site_name":"le Petit Coeur","article_modified_time":"2023-07-11T10:30:45+00:00","twitter_card":"summary_large_image","twitter_misc":{"Dur\u00e9e de lecture estim\u00e9e":"2 minutes"},"schema":{"@context":"https:\/\/schema.org","@graph":[{"@type":"WebPage","@id":"https:\/\/www.le-petit-coeur.ch\/fr\/foundation\/","url":"https:\/\/www.le-petit-coeur.ch\/fr\/foundation\/","name":"Fondation - le Petit Coeur","isPartOf":{"@id":"https:\/\/www.le-petit-coeur.ch\/#website"},"datePublished":"2016-07-12T07:36:32+00:00","dateModified":"2023-07-11T10:30:45+00:00","breadcrumb":{"@id":"https:\/\/www.le-petit-coeur.ch\/fr\/foundation\/#breadcrumb"},"inLanguage":"fr-FR","potentialAction":[{"@type":"ReadAction","target":["https:\/\/www.le-petit-coeur.ch\/fr\/foundation\/"]}]},{"@type":"BreadcrumbList","@id":"https:\/\/www.le-petit-coeur.ch\/fr\/foundation\/#breadcrumb","itemListElement":[{"@type":"ListItem","position":1,"name":"Startseite","item":"https:\/\/www.le-petit-coeur.ch\/fr\/"},{"@type":"ListItem","position":2,"name":"Fondation"}]},{"@type":"WebSite","@id":"https:\/\/www.le-petit-coeur.ch\/#website","url":"https:\/\/www.le-petit-coeur.ch\/","name":"le Petit Coeur","description":"","potentialAction":[{"@type":"SearchAction","target":{"@type":"EntryPoint","urlTemplate":"https:\/\/www.le-petit-coeur.ch\/?s={search_term_string}"},"query-input":{"@type":"PropertyValueSpecification","valueRequired":true,"valueName":"search_term_string"}}],"inLanguage":"fr-FR"}]}},"_links":{"self":[{"href":"https:\/\/www.le-petit-coeur.ch\/fr\/wp-json\/wp\/v2\/pages\/122","targetHints":{"allow":["GET"]}}],"collection":[{"href":"https:\/\/www.le-petit-coeur.ch\/fr\/wp-json\/wp\/v2\/pages"}],"about":[{"href":"https:\/\/www.le-petit-coeur.ch\/fr\/wp-json\/wp\/v2\/types\/page"}],"author":[{"embeddable":true,"href":"https:\/\/www.le-petit-coeur.ch\/fr\/wp-json\/wp\/v2\/users\/8"}],"replies":[{"embeddable":true,"href":"https:\/\/www.le-petit-coeur.ch\/fr\/wp-json\/wp\/v2\/comments?post=122"}],"version-history":[{"count":11,"href":"https:\/\/www.le-petit-coeur.ch\/fr\/wp-json\/wp\/v2\/pages\/122\/revisions"}],"predecessor-version":[{"id":1950,"href":"https:\/\/www.le-petit-coeur.ch\/fr\/wp-json\/wp\/v2\/pages\/122\/revisions\/1950"}],"wp:attachment":[{"href":"https:\/\/www.le-petit-coeur.ch\/fr\/wp-json\/wp\/v2\/media?parent=122"}],"curies":[{"name":"wp","href":"https:\/\/api.w.org\/{rel}","templated":true}]}}